{"id":1700,"date":"2017-10-26T12:08:14","date_gmt":"2017-10-26T12:08:14","guid":{"rendered":"https:\/\/elchiringuitoibiza.com\/?page_id=1700"},"modified":"2023-06-29T18:00:05","modified_gmt":"2023-06-29T16:00:05","slug":"cookie-policy","status":"publish","type":"page","link":"https:\/\/elchiringuitoibiza.com\/es\/cookie-policy\/","title":{"rendered":"Politica de Cookies"},"content":{"rendered":"<p><b>INFORMACI\u00d3N SOBRE COOKIES<\/b><\/p>\n<p>Conforme con la Ley 34\/2002, de 11 de julio, de servicios de la sociedad de la informaci\u00f3n y de comercio electr\u00f3nico (LSSI), en relaci\u00f3n con el Reglamento (UE) 2016\/679 del Parlamento Europeo y del Consejo, de 27 de abril de 2016, General de Protecci\u00f3n de Datos (GDPR) y la Ley Org\u00e1nica 3\/2018, de 5 de diciembre, de Protecci\u00f3n de Datos y Garant\u00eda de los Derechos Digitales (LOPDGDD), es obligado obtener el consentimiento expreso del usuario de todas las p\u00e1ginas web que usan cookies prescindibles, antes de que este navegue por ellas.<\/p>\n<p><b>\u00bfQU\u00c9 SON LAS COOKIES?<\/b><\/p>\n<p>Las <i>cookies <\/i>y otras tecnolog\u00edas similares tales como local shared objects, flash <i>cookies <\/i>o p\u00edxeles, son herramientas empleadas por los servidores Web para almacenar y recuperar informaci\u00f3n acerca de sus visitantes, as\u00ed como para ofrecer un correcto funcionamiento del sitio.<\/p>\n<p>Mediante el uso de estos dispositivos se permite al servidor Web recordar algunos datos concernientes al usuario, como sus preferencias para la visualizaci\u00f3n de las p\u00e1ginas de ese servidor, nombre y contrase\u00f1a, productos que m\u00e1s le interesan, etc.<\/p>\n<p><b><i>COOKIES<\/i> AFECTADAS POR LA NORMATIVA Y COOKIES EXCEPTUADAS<\/b><\/p>\n<p>Seg\u00fan la directiva de la UE, las <i>cookies <\/i>que requieren el consentimiento informado por parte del usuario son las <i>cookies <\/i>de anal\u00edtica y las de publicidad y afiliaci\u00f3n, quedando exceptuadas las de car\u00e1cter t\u00e9cnico y las necesarias para el funcionamiento del sitio web o la prestaci\u00f3n de servicios expresamente solicitados por el usuario.<\/p>\n<p><b>TIPOS DE COOKIES<\/b><\/p>\n<p><b>SEG\u00daN LA FINALIDAD<\/b><\/p>\n<p><b><i>Cookies<\/i> t\u00e9cnicas y funcionales<\/b>: son aquellas que permiten al usuario la navegaci\u00f3n a trav\u00e9s de una p\u00e1gina web, plataforma o aplicaci\u00f3n y la utilizaci\u00f3n de las diferentes opciones o servicios que en ella existan<i>.<\/i><\/p>\n<p><b><i>Cookies<\/i> anal\u00edticas<\/b>: son aquellas que permiten al responsable de las mismas el seguimiento y an\u00e1lisis del comportamiento de los usuarios de los sitios web a los que est\u00e1n vinculadas. La informaci\u00f3n recogida mediante este tipo de <i>cookies <\/i>se utiliza en la medici\u00f3n de la actividad de los sitios web, aplicaci\u00f3n o plataforma y para la elaboraci\u00f3n de perfiles de navegaci\u00f3n de los usuarios de dichos sitios, aplicaciones y plataformas, con el fin de introducir mejoras en funci\u00f3n del an\u00e1lisis de los datos de uso que hacen los usuarios del servicio.<\/p>\n<p><b><i>Cookies <\/i>publicitarias:<\/b> son aquellas que permiten la gesti\u00f3n, de la forma m\u00e1s eficaz posible, de los espacios publicitarios que, en su caso, el editor haya incluido en una p\u00e1gina web, aplicaci\u00f3n o plataforma desde la que presta el servicio solicitado en base a criterios como el contenido editado o la frecuencia en la que se muestran los anuncios.<\/p>\n<p><b><i>Cookies<\/i> de publicidad comportamental<\/b>: recogen informaci\u00f3n sobre las preferencias y elecciones personales del usuario (<i>retargeting<\/i>) para permitir la gesti\u00f3n, de la forma m\u00e1s eficaz posible, de los espacios publicitarios que, en su caso, el editor haya incluido en una p\u00e1gina web, aplicaci\u00f3n o plataforma desde la que presta el servicio solicitado.<\/p>\n<p><b><i>Cookies<\/i> sociales<\/b>: son establecidas por las plataformas de redes sociales en los servicios para permitirle compartir contenido con sus amigos y redes. Las plataformas de medios sociales tienen la<\/p>\n<p>capacidad de rastrear su actividad en l\u00ednea fuera de los Servicios. Esto puede afectar al contenido y los mensajes que ve en otros servicios que visita.<\/p>\n<p><b><i>Cookies<\/i> de afiliados<\/b>: permiten hacer un seguimiento de las visitas procedentes de otras webs, con las que el sitio web establece un contrato de afiliaci\u00f3n (empresas de afiliaci\u00f3n).<\/p>\n<p><b><i>Cookies <\/i>de seguridad<\/b>: almacenan informaci\u00f3n cifrada para evitar que los datos guardados en ellas sean vulnerables a ataques maliciosos de terceros.<\/p>\n<p><b>SEG\u00daN LA PROPIEDAD<\/b><\/p>\n<p><b><i>Cookies<\/i> propias<\/b>: son aquellas que se env\u00edan al equipo terminal del usuario desde un equipo o dominio gestionado por el propio editor y desde el que se presta el servicio solicitado por el usuario.<\/p>\n<p><b><i>Cookies <\/i>de terceros:<\/b> son aquellas que se env\u00edan al equipo terminal del usuario desde un equipo o dominio que no es gestionado por el editor, sino por otra entidad que trata los datos obtenidos trav\u00e9s de las cookies.<\/p>\n<p><b>SEG\u00daN EL PLAZO DE CONSERVACI\u00d3N<\/b><\/p>\n<p><b><i>Cookies<\/i> de sesi\u00f3n:<\/b> son un tipo de <i>cookies <\/i>dise\u00f1adas para recabar y almacenar datos mientras el usuario accede a una p\u00e1gina web.<\/p>\n<p><b><i>Cookies<\/i> persistentes:<\/b> son un tipo de cookies en el que los datos siguen almacenados en el terminal y pueden ser accedidos y tratados durante un per\u00edodo definido por el responsable de la <i>cookie<\/i>, y que puede ir de unos minutos a varios a\u00f1os.<\/p>\n<p><b>TRATAMIENTO DE DATOS PERSONALES<\/b><\/p>\n<p>S&#8217; ARJUP SL es el <b>Responsable del tratamiento<\/b> de los datos personales del <b>Interesado<\/b> y le informa de que estos datos ser\u00e1n tratados de conformidad con lo dispuesto en el Reglamento (UE) 2016\/679, de 27 de abril de 2016 (GDPR), por lo que se le facilita la siguiente informaci\u00f3n del tratamiento:<\/p>\n<p><b>Fines del tratamiento:<\/b> seg\u00fan se especifica en el apartado de <i>cookies <\/i>que se utilizan en este sitio web.<\/p>\n<p><b>Legitimaci\u00f3n del tratamiento<\/b>: salvo en los casos en los que resulte necesario para la navegaci\u00f3n por la web, por consentimiento del interesado (art. 6.1 GDPR).<\/p>\n<p><b>Criterios de conservaci\u00f3n de los datos<\/b>: seg\u00fan se especifica en el apartado de <i>cookies <\/i>utilizadas en la web.<\/p>\n<p><b>Comunicaci\u00f3n de los datos<\/b>: no se comunicar\u00e1n los datos a terceros, excepto en cookies propiedad de terceros o por obligaci\u00f3n legal.<\/p>\n<p><b>Derechos que asisten al Interesado<\/b>:<\/p>\n<ul>\n<li>Derecho a retirar el consentimiento en cualquier momento.<\/li>\n<li>Derecho de acceso, rectificaci\u00f3n, portabilidad y supresi\u00f3n de sus datos, y de limitaci\u00f3n u oposici\u00f3n a su tratamiento.<\/li>\n<li>Derecho a presentar una reclamaci\u00f3n ante la Autoridad de control (www.aepd.es) si considera que el tratamiento no se ajusta a la normativa vigente.<\/li>\n<\/ul>\n<p><b>Datos de contacto para ejercer sus derechos:<\/b><\/p>\n<p>S&#8217; ARJUP SL. Calle Algarb, N\u00ba8, 3\u00aa 1\u00aa, &#8211; 07800 Ibiza (Illes Balears). E-mail: <a href=\"mailto:administracion@elchiringuitoibiza.com\">administracion@elchiringuitoibiza.com<\/a><\/p>","protected":false},"excerpt":{"rendered":"<p>INFORMACI\u00d3N SOBRE COOKIES Conforme con la Ley 34\/2002, de 11 de julio, de servicios de la sociedad de la informaci\u00f3n &hellip;<\/p>\n","protected":false},"author":1,"featured_media":0,"parent":0,"menu_order":0,"comment_status":"closed","ping_status":"closed","template":"","meta":{"footnotes":""},"acf":[],"yoast_head":"<!-- This site is optimized with the Yoast SEO plugin v24.0 - https:\/\/yoast.com\/wordpress\/plugins\/seo\/ -->\n<title>Politica de Cookies - El Chiringuito Ibiza<\/title>\n<meta name=\"robots\" content=\"index, follow, max-snippet:-1, max-image-preview:large, max-video-preview:-1\" \/>\n<link rel=\"canonical\" href=\"https:\/\/elchiringuitoibiza.com\/es\/cookie-policy\/\" \/>\n<meta property=\"og:locale\" content=\"es_ES\" \/>\n<meta property=\"og:type\" content=\"article\" \/>\n<meta property=\"og:title\" content=\"Politica de Cookies - El Chiringuito Ibiza\" \/>\n<meta property=\"og:description\" content=\"INFORMACI\u00d3N SOBRE COOKIES Conforme con la Ley 34\/2002, de 11 de julio, de servicios de la sociedad de la informaci\u00f3n &hellip;\" \/>\n<meta property=\"og:url\" content=\"https:\/\/elchiringuitoibiza.com\/es\/cookie-policy\/\" \/>\n<meta property=\"og:site_name\" content=\"El Chiringuito Ibiza\" \/>\n<meta property=\"article:modified_time\" content=\"2023-06-29T16:00:05+00:00\" \/>\n<meta name=\"twitter:card\" content=\"summary_large_image\" \/>\n<meta name=\"twitter:label1\" content=\"Tiempo de lectura\" \/>\n\t<meta name=\"twitter:data1\" content=\"9 minutos\" \/>\n<script type=\"application\/ld+json\" class=\"yoast-schema-graph\">{\"@context\":\"https:\/\/schema.org\",\"@graph\":[{\"@type\":\"WebPage\",\"@id\":\"https:\/\/elchiringuitoibiza.com\/es\/cookie-policy\/\",\"url\":\"https:\/\/elchiringuitoibiza.com\/es\/cookie-policy\/\",\"name\":\"Politica de Cookies - El Chiringuito Ibiza\",\"isPartOf\":{\"@id\":\"https:\/\/elchiringuitoibiza.com\/es\/#website\"},\"datePublished\":\"2017-10-26T12:08:14+00:00\",\"dateModified\":\"2023-06-29T16:00:05+00:00\",\"breadcrumb\":{\"@id\":\"https:\/\/elchiringuitoibiza.com\/es\/cookie-policy\/#breadcrumb\"},\"inLanguage\":\"es\",\"potentialAction\":[{\"@type\":\"ReadAction\",\"target\":[[\"https:\/\/elchiringuitoibiza.com\/es\/cookie-policy\/\"]]}]},{\"@type\":\"BreadcrumbList\",\"@id\":\"https:\/\/elchiringuitoibiza.com\/es\/cookie-policy\/#breadcrumb\",\"itemListElement\":[{\"@type\":\"ListItem\",\"position\":1,\"name\":\"Home\",\"item\":\"https:\/\/elchiringuitoibiza.com\/es\/\"},{\"@type\":\"ListItem\",\"position\":2,\"name\":\"Cookie Policy\"}]},{\"@type\":\"WebSite\",\"@id\":\"https:\/\/elchiringuitoibiza.com\/es\/#website\",\"url\":\"https:\/\/elchiringuitoibiza.com\/es\/\",\"name\":\"El Chiringuito Ibiza\",\"description\":\"Simple . Honest . Good\",\"potentialAction\":[{\"@type\":\"SearchAction\",\"target\":{\"@type\":\"EntryPoint\",\"urlTemplate\":\"https:\/\/elchiringuitoibiza.com\/es\/?s={search_term_string}\"},\"query-input\":{\"@type\":\"PropertyValueSpecification\",\"valueRequired\":true,\"valueName\":\"search_term_string\"}}],\"inLanguage\":\"es\"}]}<\/script>\n<!-- \/ Yoast SEO plugin. -->","yoast_head_json":{"title":"Politica de Cookies - El Chiringuito Ibiza","robots":{"index":"index","follow":"follow","max-snippet":"max-snippet:-1","max-image-preview":"max-image-preview:large","max-video-preview":"max-video-preview:-1"},"canonical":"https:\/\/elchiringuitoibiza.com\/es\/cookie-policy\/","og_locale":"es_ES","og_type":"article","og_title":"Politica de Cookies - El Chiringuito Ibiza","og_description":"INFORMACI\u00d3N SOBRE COOKIES Conforme con la Ley 34\/2002, de 11 de julio, de servicios de la sociedad de la informaci\u00f3n &hellip;","og_url":"https:\/\/elchiringuitoibiza.com\/es\/cookie-policy\/","og_site_name":"El Chiringuito Ibiza","article_modified_time":"2023-06-29T16:00:05+00:00","twitter_card":"summary_large_image","twitter_misc":{"Tiempo de lectura":"9 minutos"},"schema":{"@context":"https:\/\/schema.org","@graph":[{"@type":"WebPage","@id":"https:\/\/elchiringuitoibiza.com\/es\/cookie-policy\/","url":"https:\/\/elchiringuitoibiza.com\/es\/cookie-policy\/","name":"Politica de Cookies - El Chiringuito Ibiza","isPartOf":{"@id":"https:\/\/elchiringuitoibiza.com\/es\/#website"},"datePublished":"2017-10-26T12:08:14+00:00","dateModified":"2023-06-29T16:00:05+00:00","breadcrumb":{"@id":"https:\/\/elchiringuitoibiza.com\/es\/cookie-policy\/#breadcrumb"},"inLanguage":"es","potentialAction":[{"@type":"ReadAction","target":[["https:\/\/elchiringuitoibiza.com\/es\/cookie-policy\/"]]}]},{"@type":"BreadcrumbList","@id":"https:\/\/elchiringuitoibiza.com\/es\/cookie-policy\/#breadcrumb","itemListElement":[{"@type":"ListItem","position":1,"name":"Home","item":"https:\/\/elchiringuitoibiza.com\/es\/"},{"@type":"ListItem","position":2,"name":"Cookie Policy"}]},{"@type":"WebSite","@id":"https:\/\/elchiringuitoibiza.com\/es\/#website","url":"https:\/\/elchiringuitoibiza.com\/es\/","name":"El Chiringuito Ibiza","description":"Simple . Honest . Good","potentialAction":[{"@type":"SearchAction","target":{"@type":"EntryPoint","urlTemplate":"https:\/\/elchiringuitoibiza.com\/es\/?s={search_term_string}"},"query-input":{"@type":"PropertyValueSpecification","valueRequired":true,"valueName":"search_term_string"}}],"inLanguage":"es"}]}},"_links":{"self":[{"href":"https:\/\/elchiringuitoibiza.com\/es\/wp-json\/wp\/v2\/pages\/1700"}],"collection":[{"href":"https:\/\/elchiringuitoibiza.com\/es\/wp-json\/wp\/v2\/pages"}],"about":[{"href":"https:\/\/elchiringuitoibiza.com\/es\/wp-json\/wp\/v2\/types\/page"}],"author":[{"embeddable":true,"href":"https:\/\/elchiringuitoibiza.com\/es\/wp-json\/wp\/v2\/users\/1"}],"replies":[{"embeddable":true,"href":"https:\/\/elchiringuitoibiza.com\/es\/wp-json\/wp\/v2\/comments?post=1700"}],"version-history":[{"count":9,"href":"https:\/\/elchiringuitoibiza.com\/es\/wp-json\/wp\/v2\/pages\/1700\/revisions"}],"predecessor-version":[{"id":3146,"href":"https:\/\/elchiringuitoibiza.com\/es\/wp-json\/wp\/v2\/pages\/1700\/revisions\/3146"}],"wp:attachment":[{"href":"https:\/\/elchiringuitoibiza.com\/es\/wp-json\/wp\/v2\/media?parent=1700"}],"curies":[{"name":"wp","href":"https:\/\/api.w.org\/{rel}","templated":true}]}}